{"id":6755,"date":"2022-09-08T15:06:42","date_gmt":"2022-09-08T15:06:42","guid":{"rendered":"https:\/\/www.cortequaiara.it\/termini-e-condizioni-di-utilizzo\/"},"modified":"2024-06-06T10:18:27","modified_gmt":"2024-06-06T10:18:27","slug":"terms-and-conditions-of-use","status":"publish","type":"page","link":"https:\/\/www.cortequaiara.it\/en\/terms-and-conditions-of-use\/","title":{"rendered":"Terms and Conditions of Use"},"content":{"rendered":"<p>[vc_row css=&#8221;.vc_custom_1713862698462{padding-top: 60px !important;padding-bottom: 60px !important;background-color: #f3f1ed !important;}&#8221;][vc_column][vc_row_inner row_content_width=&#8221;grid&#8221;][vc_column_inner el_class=&#8221;font_variation_0424&#8243;][vc_column_text]Az. Agr. Corte Quaiara exclusively addresses End Users according to the current law and regulations on e-commerce.<br \/>\nBy End User, Az. Agr. Corte Quaiara means any natural person operating on the site cortequaiara.it.<br \/>\nIn compliance with current purchasing laws, Az. Agr. Corte Quaiara reserves the right not to follow up on orders from subjects other than the End User and within the limits set by law for both purchase and delivery.<\/p>\n<p>The general conditions of sale exclusively govern the offer, transmission, acceptance, shipping, purchase methods, and right of withdrawal of purchase orders of products on the site cortequaiara.it, between the Users of the site cortequaiara.it and Az. Agr. Corte Quaiara.<br \/>\nAny other information can be requested directly from Az. Agr. Corte Quaiara by writing an email to the following email address: info@cortequaiara.it<\/p>\n<p><strong>Purchase Procedure<\/strong><\/p>\n<p>Each order sent constitutes an offer for the purchase of products. Orders are subject to the availability and discretionary acceptance of Az. Agr. Corte Quaiara.<br \/>\nThe End User must select the products and proceed to check-out, after carefully reviewing and possibly modifying the information contained in the order summary. The order is placed by confirming it and is subject to the payment of the price, taxes, and shipping and payment costs indicated in the order summary form.<br \/>\nReceipt of the order does not constitute acceptance of the order. The contract is concluded at the time of sending the order confirmation by Az. Agr. Corte Quaiara to the email address provided by the End User. Az. Agr. Corte Quaiara reserves the right not to confirm an order by notifying the End User within 20 days of purchase, to the email address associated with the purchase, of the possible unavailability of one or more of the products purchased. In this case, Az. Agr. Corte Quaiara will refund the price and shipping costs incurred by the End User.<\/p>\n<p><strong>Shipping<\/strong><\/p>\n<p>Shipments are insured, and delivery normally takes 1-5 working days in Italy and 2-10 working days in Europe.<br \/>\nIn case of failure to collect within the deadline set by the carrier, the products will be returned to Az. Agr. Corte Quaiara, which will refund the price of the products but not the shipping cost. Az. Agr. Corte Quaiara cannot be held responsible for delivery errors due to inaccuracies or incompleteness in the completion of the purchase order by the End User, for damage to the products occurring after delivery to the carrier, or for delays in delivery attributable to the latter.<\/p>\n<p><strong>Payments<\/strong><\/p>\n<p>Az. Agr. Corte Quaiara accepts payment by bank transfer, payment via PayPal, and credit card payment.<br \/>\nAz. Agr. Corte Quaiara uses third-party tools for payment processing and does not come into contact in any way with payment data (such as credit card details) provided.<\/p>\n<p><strong>Right of Withdrawal<\/strong><\/p>\n<p>Purchases on cortequaiara.it are subject to the regulations of Legislative Decree 206 of 2005, which guarantees the right of withdrawal.<br \/>\nThe exercise of this right is regulated as follows:<br \/>\nThe returned products must be intact, preferably in their original packaging: the right of withdrawal cannot be exercised for damaged or altered products.<br \/>\nTo exercise this right, it is necessary to:<br \/>\nSend an email within 14 days from the date of receipt of the goods, indicating:<br \/>\n\u2013 order number;<br \/>\n\u2013 order date;<br \/>\n\u2013 the product or products for which you intend to exercise the right of withdrawal, indicating the item code;<br \/>\n\u2013 bank details (IBAN code), which will be used for the refund;<br \/>\n\u2013 wait for the authorization email for the return;<br \/>\n\u2013 within 15 days of receiving the authorization email for the return, ship the products subject to withdrawal to the communicated address.<br \/>\nAz. Agr. Corte Quaiara will refund the products subject to the right of withdrawal within 14 working days from the receipt of the goods. This refund does not include shipping costs, in accordance with article 5 of Legislative Decree No. 185 of 22\/05\/1999.[\/vc_column_text][vc_column_text]\u201cLE VIGNE E LA CANTINA SONO LA MIA CASA. CONOSCO LE VITI UNA PER UNA, OSSERVO LE STAGIONI SULLE SIEPI E IL GRANDE BAGOLARO. VEDO LA SENAPE CHE CRESCE TRA I FILARI,INSIEME ALLA BIODIVERSIT\u00c0 CHE NUTRE I TRALCI E IL MIO SENTIRE.<\/p>\n<p>LAVORO, DURO. CONTROCORRENTE, IL PI\u00d9 DELLE VOLTE. SCELGO CI\u00d2 CHE RITENGO GIUSTO ANCHE QUANDO \u00c8 PI\u00d9 DIFFICILE.<\/p>\n<p>I MIEI VINI RIFLETTONO L\u2019ESSENZA DEL MIO MODO DI PENSARE.<br \/>\nMI ASSOMIGLIANO. NON SONO PER TUTTI E SONO UNICI PER QUESTO.\u201d<\/p>\n<p style=\"text-align: right;\">_GIOVANNI MONTRESOR<\/p>\n<p>[\/vc_column_text][\/vc_column_inner][\/vc_row_inner][\/vc_column][\/vc_row]<\/p>\n","protected":false},"excerpt":{"rendered":"<p>[vc_row css=&#8221;.vc_custom_1713862698462{padding-top: 60px !important;padding-bottom: 60px !important;background-color: #f3f1ed !important;}&#8221;][vc_column][vc_row_inner row_content_width=&#8221;grid&#8221;][vc_column_inner el_class=&#8221;font_variation_0424&#8243;][vc_column_text]Az. Agr. Corte Quaiara exclusively addresses End Users according to the current law and regulations on e-commerce. By End User, Az. Agr. Corte Quaiara means any natural person operating on the site cortequaiara.it. In compliance with current purchasing laws, Az. Agr. Corte Quaiara reserves the right [&hellip;]<\/p>\n","protected":false},"author":1,"featured_media":0,"parent":0,"menu_order":0,"comment_status":"closed","ping_status":"closed","template":"page-full-width.php","meta":{"footnotes":""},"class_list":["post-6755","page","type-page","status-publish","hentry"],"yoast_head":"<!-- This site is optimized with the Yoast SEO plugin v26.7 - https:\/\/yoast.com\/wordpress\/plugins\/seo\/ -->\n<title>Terms and Conditions of Use - Corte Quaiara<\/title>\n<meta name=\"robots\" content=\"index, follow, max-snippet:-1, max-image-preview:large, max-video-preview:-1\" \/>\n<link rel=\"canonical\" href=\"https:\/\/www.cortequaiara.it\/en\/terms-and-conditions-of-use\/\" \/>\n<meta property=\"og:locale\" content=\"en_US\" \/>\n<meta property=\"og:type\" content=\"article\" \/>\n<meta property=\"og:title\" content=\"Terms and Conditions of Use - Corte Quaiara\" \/>\n<meta property=\"og:description\" content=\"[vc_row css=&#8221;.vc_custom_1713862698462{padding-top: 60px !important;padding-bottom: 60px !important;background-color: #f3f1ed !important;}&#8221;][vc_column][vc_row_inner row_content_width=&#8221;grid&#8221;][vc_column_inner el_class=&#8221;font_variation_0424&#8243;][vc_column_text]Az. Agr. Corte Quaiara exclusively addresses End Users according to the current law and regulations on e-commerce. By End User, Az. Agr. Corte Quaiara means any natural person operating on the site cortequaiara.it. In compliance with current purchasing laws, Az. Agr. Corte Quaiara reserves the right [&hellip;]\" \/>\n<meta property=\"og:url\" content=\"https:\/\/www.cortequaiara.it\/en\/terms-and-conditions-of-use\/\" \/>\n<meta property=\"og:site_name\" content=\"Corte Quaiara\" \/>\n<meta property=\"article:publisher\" content=\"https:\/\/www.facebook.com\/cortequaiara\/\" \/>\n<meta property=\"article:modified_time\" content=\"2024-06-06T10:18:27+00:00\" \/>\n<meta name=\"twitter:card\" content=\"summary_large_image\" \/>\n<meta name=\"twitter:label1\" content=\"Est. reading time\" \/>\n\t<meta name=\"twitter:data1\" content=\"4 minutes\" \/>\n<script type=\"application\/ld+json\" class=\"yoast-schema-graph\">{\"@context\":\"https:\/\/schema.org\",\"@graph\":[{\"@type\":\"WebPage\",\"@id\":\"https:\/\/www.cortequaiara.it\/en\/terms-and-conditions-of-use\/\",\"url\":\"https:\/\/www.cortequaiara.it\/en\/terms-and-conditions-of-use\/\",\"name\":\"Terms and Conditions of Use - Corte Quaiara\",\"isPartOf\":{\"@id\":\"https:\/\/www.cortequaiara.it\/en\/#website\"},\"datePublished\":\"2022-09-08T15:06:42+00:00\",\"dateModified\":\"2024-06-06T10:18:27+00:00\",\"breadcrumb\":{\"@id\":\"https:\/\/www.cortequaiara.it\/en\/terms-and-conditions-of-use\/#breadcrumb\"},\"inLanguage\":\"en-US\",\"potentialAction\":[{\"@type\":\"ReadAction\",\"target\":[\"https:\/\/www.cortequaiara.it\/en\/terms-and-conditions-of-use\/\"]}]},{\"@type\":\"BreadcrumbList\",\"@id\":\"https:\/\/www.cortequaiara.it\/en\/terms-and-conditions-of-use\/#breadcrumb\",\"itemListElement\":[{\"@type\":\"ListItem\",\"position\":1,\"name\":\"Home\",\"item\":\"https:\/\/www.cortequaiara.it\/en\/\"},{\"@type\":\"ListItem\",\"position\":2,\"name\":\"Terms and Conditions of Use\"}]},{\"@type\":\"WebSite\",\"@id\":\"https:\/\/www.cortequaiara.it\/en\/#website\",\"url\":\"https:\/\/www.cortequaiara.it\/en\/\",\"name\":\"Corte Quaiara\",\"description\":\"In direzione ostinata e contraria\",\"publisher\":{\"@id\":\"https:\/\/www.cortequaiara.it\/en\/#organization\"},\"potentialAction\":[{\"@type\":\"SearchAction\",\"target\":{\"@type\":\"EntryPoint\",\"urlTemplate\":\"https:\/\/www.cortequaiara.it\/en\/?s={search_term_string}\"},\"query-input\":{\"@type\":\"PropertyValueSpecification\",\"valueRequired\":true,\"valueName\":\"search_term_string\"}}],\"inLanguage\":\"en-US\"},{\"@type\":\"Organization\",\"@id\":\"https:\/\/www.cortequaiara.it\/en\/#organization\",\"name\":\"Corte Quaiara\",\"url\":\"https:\/\/www.cortequaiara.it\/en\/\",\"logo\":{\"@type\":\"ImageObject\",\"inLanguage\":\"en-US\",\"@id\":\"https:\/\/www.cortequaiara.it\/en\/#\/schema\/logo\/image\/\",\"url\":\"https:\/\/www.cortequaiara.it\/wp-content\/uploads\/corte_quaiara_black.png\",\"contentUrl\":\"https:\/\/www.cortequaiara.it\/wp-content\/uploads\/corte_quaiara_black.png\",\"width\":265,\"height\":60,\"caption\":\"Corte Quaiara\"},\"image\":{\"@id\":\"https:\/\/www.cortequaiara.it\/en\/#\/schema\/logo\/image\/\"},\"sameAs\":[\"https:\/\/www.facebook.com\/cortequaiara\/\",\"https:\/\/www.instagram.com\/cortequaiara\/\"]}]}<\/script>\n<!-- \/ Yoast SEO plugin. -->","yoast_head_json":{"title":"Terms and Conditions of Use - Corte Quaiara","robots":{"index":"index","follow":"follow","max-snippet":"max-snippet:-1","max-image-preview":"max-image-preview:large","max-video-preview":"max-video-preview:-1"},"canonical":"https:\/\/www.cortequaiara.it\/en\/terms-and-conditions-of-use\/","og_locale":"en_US","og_type":"article","og_title":"Terms and Conditions of Use - Corte Quaiara","og_description":"[vc_row css=&#8221;.vc_custom_1713862698462{padding-top: 60px !important;padding-bottom: 60px !important;background-color: #f3f1ed !important;}&#8221;][vc_column][vc_row_inner row_content_width=&#8221;grid&#8221;][vc_column_inner el_class=&#8221;font_variation_0424&#8243;][vc_column_text]Az. Agr. Corte Quaiara exclusively addresses End Users according to the current law and regulations on e-commerce. By End User, Az. Agr. Corte Quaiara means any natural person operating on the site cortequaiara.it. In compliance with current purchasing laws, Az. Agr. Corte Quaiara reserves the right [&hellip;]","og_url":"https:\/\/www.cortequaiara.it\/en\/terms-and-conditions-of-use\/","og_site_name":"Corte Quaiara","article_publisher":"https:\/\/www.facebook.com\/cortequaiara\/","article_modified_time":"2024-06-06T10:18:27+00:00","twitter_card":"summary_large_image","twitter_misc":{"Est. reading time":"4 minutes"},"schema":{"@context":"https:\/\/schema.org","@graph":[{"@type":"WebPage","@id":"https:\/\/www.cortequaiara.it\/en\/terms-and-conditions-of-use\/","url":"https:\/\/www.cortequaiara.it\/en\/terms-and-conditions-of-use\/","name":"Terms and Conditions of Use - Corte Quaiara","isPartOf":{"@id":"https:\/\/www.cortequaiara.it\/en\/#website"},"datePublished":"2022-09-08T15:06:42+00:00","dateModified":"2024-06-06T10:18:27+00:00","breadcrumb":{"@id":"https:\/\/www.cortequaiara.it\/en\/terms-and-conditions-of-use\/#breadcrumb"},"inLanguage":"en-US","potentialAction":[{"@type":"ReadAction","target":["https:\/\/www.cortequaiara.it\/en\/terms-and-conditions-of-use\/"]}]},{"@type":"BreadcrumbList","@id":"https:\/\/www.cortequaiara.it\/en\/terms-and-conditions-of-use\/#breadcrumb","itemListElement":[{"@type":"ListItem","position":1,"name":"Home","item":"https:\/\/www.cortequaiara.it\/en\/"},{"@type":"ListItem","position":2,"name":"Terms and Conditions of Use"}]},{"@type":"WebSite","@id":"https:\/\/www.cortequaiara.it\/en\/#website","url":"https:\/\/www.cortequaiara.it\/en\/","name":"Corte Quaiara","description":"In direzione ostinata e contraria","publisher":{"@id":"https:\/\/www.cortequaiara.it\/en\/#organization"},"potentialAction":[{"@type":"SearchAction","target":{"@type":"EntryPoint","urlTemplate":"https:\/\/www.cortequaiara.it\/en\/?s={search_term_string}"},"query-input":{"@type":"PropertyValueSpecification","valueRequired":true,"valueName":"search_term_string"}}],"inLanguage":"en-US"},{"@type":"Organization","@id":"https:\/\/www.cortequaiara.it\/en\/#organization","name":"Corte Quaiara","url":"https:\/\/www.cortequaiara.it\/en\/","logo":{"@type":"ImageObject","inLanguage":"en-US","@id":"https:\/\/www.cortequaiara.it\/en\/#\/schema\/logo\/image\/","url":"https:\/\/www.cortequaiara.it\/wp-content\/uploads\/corte_quaiara_black.png","contentUrl":"https:\/\/www.cortequaiara.it\/wp-content\/uploads\/corte_quaiara_black.png","width":265,"height":60,"caption":"Corte Quaiara"},"image":{"@id":"https:\/\/www.cortequaiara.it\/en\/#\/schema\/logo\/image\/"},"sameAs":["https:\/\/www.facebook.com\/cortequaiara\/","https:\/\/www.instagram.com\/cortequaiara\/"]}]}},"_links":{"self":[{"href":"https:\/\/www.cortequaiara.it\/en\/wp-json\/wp\/v2\/pages\/6755","targetHints":{"allow":["GET"]}}],"collection":[{"href":"https:\/\/www.cortequaiara.it\/en\/wp-json\/wp\/v2\/pages"}],"about":[{"href":"https:\/\/www.cortequaiara.it\/en\/wp-json\/wp\/v2\/types\/page"}],"author":[{"embeddable":true,"href":"https:\/\/www.cortequaiara.it\/en\/wp-json\/wp\/v2\/users\/1"}],"replies":[{"embeddable":true,"href":"https:\/\/www.cortequaiara.it\/en\/wp-json\/wp\/v2\/comments?post=6755"}],"version-history":[{"count":4,"href":"https:\/\/www.cortequaiara.it\/en\/wp-json\/wp\/v2\/pages\/6755\/revisions"}],"predecessor-version":[{"id":6823,"href":"https:\/\/www.cortequaiara.it\/en\/wp-json\/wp\/v2\/pages\/6755\/revisions\/6823"}],"wp:attachment":[{"href":"https:\/\/www.cortequaiara.it\/en\/wp-json\/wp\/v2\/media?parent=6755"}],"curies":[{"name":"wp","href":"https:\/\/api.w.org\/{rel}","templated":true}]}}